{"id":350,"date":"2024-03-14T20:00:31","date_gmt":"2024-03-14T20:00:31","guid":{"rendered":"https:\/\/altitude-zero.fr\/?page_id=350"},"modified":"2024-06-08T08:21:49","modified_gmt":"2024-06-08T06:21:49","slug":"au-commencement-2","status":"publish","type":"page","link":"https:\/\/altitude-zero.fr\/","title":{"rendered":"Au commencement,"},"content":{"rendered":"\n<figure class=\"wp-block-image size-large\"><img loading=\"lazy\" decoding=\"async\" width=\"1024\" height=\"348\" src=\"https:\/\/altitude-zero.fr\/wp-content\/uploads\/2024\/02\/Pan_01-1024x348.jpg\" alt=\"\" class=\"wp-image-186\" srcset=\"https:\/\/altitude-zero.fr\/wp-content\/uploads\/2024\/02\/Pan_01-1024x348.jpg 1024w, https:\/\/altitude-zero.fr\/wp-content\/uploads\/2024\/02\/Pan_01-300x102.jpg 300w, https:\/\/altitude-zero.fr\/wp-content\/uploads\/2024\/02\/Pan_01-768x261.jpg 768w, https:\/\/altitude-zero.fr\/wp-content\/uploads\/2024\/02\/Pan_01-1536x522.jpg 1536w, https:\/\/altitude-zero.fr\/wp-content\/uploads\/2024\/02\/Pan_01-500x170.jpg 500w, https:\/\/altitude-zero.fr\/wp-content\/uploads\/2024\/02\/Pan_01-800x272.jpg 800w, https:\/\/altitude-zero.fr\/wp-content\/uploads\/2024\/02\/Pan_01-1280x435.jpg 1280w, https:\/\/altitude-zero.fr\/wp-content\/uploads\/2024\/02\/Pan_01.jpg 1879w\" sizes=\"auto, (max-width: 1024px) 100vw, 1024px\" \/><\/figure>\n\n\n\n<p class=\"has-normal-font-size\">Dans ces anciens bastions industriels, chaque incursion repr\u00e9sente une nouvelle aventure, un chapitre in\u00e9dit de l&#8217;exploration urbaine. Chaque pas r\u00e9sonne comme une promesse d&#8217;explorer des territoires inconnus, impr\u00e9gn\u00e9s de l&#8217;histoire et de l&#8217;abandon.<\/p>\n\n\n\n<p class=\"has-normal-font-size\">Une exp\u00e9rience unique se d\u00e9ploie, empreinte de son lot de d\u00e9couvertes et de d\u00e9fis \u00e0 surmonter. Chaque couloir obscur, chaque escalier rouill\u00e9 cache son lot de secrets et de surprises, nous invitant \u00e0 percer les myst\u00e8res enfouis sous les couches de rouille et de poussi\u00e8re.<\/p>\n\n\n\n<div class=\"wp-block-media-text has-media-on-the-right is-stacked-on-mobile\"><div class=\"wp-block-media-text__content\">\n<p style=\"font-size:30px\"><strong>Ces interdits nous procurent un sentiment authentique de libert\u00e9\u2026<\/strong><\/p>\n<\/div><figure class=\"wp-block-media-text__media\"><img loading=\"lazy\" decoding=\"async\" width=\"1024\" height=\"686\" src=\"https:\/\/altitude-zero.fr\/wp-content\/uploads\/2024\/03\/2023-01-14-0022-1024x686.jpg\" alt=\"\" class=\"wp-image-299 size-full\" srcset=\"https:\/\/altitude-zero.fr\/wp-content\/uploads\/2024\/03\/2023-01-14-0022-1024x686.jpg 1024w, https:\/\/altitude-zero.fr\/wp-content\/uploads\/2024\/03\/2023-01-14-0022-300x201.jpg 300w, https:\/\/altitude-zero.fr\/wp-content\/uploads\/2024\/03\/2023-01-14-0022-768x514.jpg 768w, https:\/\/altitude-zero.fr\/wp-content\/uploads\/2024\/03\/2023-01-14-0022-1536x1029.jpg 1536w, https:\/\/altitude-zero.fr\/wp-content\/uploads\/2024\/03\/2023-01-14-0022-500x335.jpg 500w, https:\/\/altitude-zero.fr\/wp-content\/uploads\/2024\/03\/2023-01-14-0022-800x536.jpg 800w, https:\/\/altitude-zero.fr\/wp-content\/uploads\/2024\/03\/2023-01-14-0022-1280x857.jpg 1280w, https:\/\/altitude-zero.fr\/wp-content\/uploads\/2024\/03\/2023-01-14-0022.jpg 1920w\" sizes=\"auto, (max-width: 1024px) 100vw, 1024px\" \/><\/figure><\/div>\n\n\n\n<p>C&#8217;est dans la transgression des interdictions que nous trouvons une libert\u00e9 que peu d&#8217;autres exp\u00e9riences peuvent offrir, o\u00f9 le frisson de l&#8217;inconnu nous transporte au-del\u00e0 des limites impos\u00e9es.<\/p>\n\n\n\n<p>Les rencontres fortuites ont une dimension particuli\u00e8re dans ce th\u00e9\u00e2tre. Les bruits \u00e9tranges et les mouvements furtifs suscitent \u00e0 la fois la curiosit\u00e9 et l&#8217;appr\u00e9hension. Ils sont amplifi\u00e9s par l&#8217;atmosph\u00e8re d&#8217;interdit, les tensions deviennent palpables. <\/p>\n\n\n\n<p>Malgr\u00e9 les dangers qui nous guettent, chaque nouvelle incursion est une exp\u00e9rience immersive qui r\u00e9v\u00e8le des beaut\u00e9s cach\u00e9es.<\/p>\n\n\n\n<div class=\"wp-block-media-text is-stacked-on-mobile\"><figure class=\"wp-block-media-text__media\"><img loading=\"lazy\" decoding=\"async\" width=\"1024\" height=\"687\" src=\"https:\/\/altitude-zero.fr\/wp-content\/uploads\/2024\/03\/2023-01-12-0012-1024x687.jpg\" alt=\"\" class=\"wp-image-300 size-full\" srcset=\"https:\/\/altitude-zero.fr\/wp-content\/uploads\/2024\/03\/2023-01-12-0012-1024x687.jpg 1024w, https:\/\/altitude-zero.fr\/wp-content\/uploads\/2024\/03\/2023-01-12-0012-300x201.jpg 300w, https:\/\/altitude-zero.fr\/wp-content\/uploads\/2024\/03\/2023-01-12-0012-768x515.jpg 768w, https:\/\/altitude-zero.fr\/wp-content\/uploads\/2024\/03\/2023-01-12-0012-1536x1030.jpg 1536w, https:\/\/altitude-zero.fr\/wp-content\/uploads\/2024\/03\/2023-01-12-0012-500x335.jpg 500w, https:\/\/altitude-zero.fr\/wp-content\/uploads\/2024\/03\/2023-01-12-0012-800x537.jpg 800w, https:\/\/altitude-zero.fr\/wp-content\/uploads\/2024\/03\/2023-01-12-0012-1280x859.jpg 1280w, https:\/\/altitude-zero.fr\/wp-content\/uploads\/2024\/03\/2023-01-12-0012.jpg 1920w\" sizes=\"auto, (max-width: 1024px) 100vw, 1024px\" \/><\/figure><div class=\"wp-block-media-text__content\">\n<p style=\"font-size:30px\"><strong>Le vertige devient un compagnon de voyage, un m\u00e9lange de fascination et de peur<\/strong><\/p>\n<\/div><\/div>\n\n\n\n<p>C&#8217;est dans ce contexte avec lequel tous nos sens sont exacerb\u00e9s que ces espaces deviennent des lieux de cr\u00e9ation.<\/p>\n\n\n\n<p>Notre d\u00e9marche s&#8217;ancre dans la croyance que chaque mat\u00e9riau, chaque objet abandonn\u00e9 dans les creux silencieux des usines d\u00e9saffect\u00e9es, porte en lui une histoire, une \u00e2me, une empreinte ind\u00e9l\u00e9bile du temps ainsi que des processus industriels qu&#8217;il a subi. Cette richesse narrative ajoute une profondeur et une authenticit\u00e9 aux \u0153uvres qui en d\u00e9coule.<\/p>\n\n\n\n<p>Nous percevons ces lieux abandonn\u00e9s comme des tr\u00e9sors cach\u00e9s, des galeries involontaires o\u00f9 chaque pi\u00e8ce est une \u0153uvre en attente d&#8217;\u00eatre r\u00e9v\u00e9l\u00e9e. Notre art est un dialogue avec l&#8217;histoire, chaque \u00e9raflure, chaque patine sur le m\u00e9tal, le bois ou le verre raconte une histoire, incarne des souvenirs d&#8217;\u00e9poques r\u00e9volues.<\/p>\n\n\n\n<figure class=\"wp-block-image size-large\"><img loading=\"lazy\" decoding=\"async\" width=\"1024\" height=\"726\" src=\"https:\/\/altitude-zero.fr\/wp-content\/uploads\/2024\/02\/2023-01-04-0011-1024x726.jpg\" alt=\"\" class=\"wp-image-234\" srcset=\"https:\/\/altitude-zero.fr\/wp-content\/uploads\/2024\/02\/2023-01-04-0011-1024x726.jpg 1024w, https:\/\/altitude-zero.fr\/wp-content\/uploads\/2024\/02\/2023-01-04-0011-300x213.jpg 300w, https:\/\/altitude-zero.fr\/wp-content\/uploads\/2024\/02\/2023-01-04-0011-768x545.jpg 768w, https:\/\/altitude-zero.fr\/wp-content\/uploads\/2024\/02\/2023-01-04-0011-1536x1090.jpg 1536w, https:\/\/altitude-zero.fr\/wp-content\/uploads\/2024\/02\/2023-01-04-0011-500x355.jpg 500w, https:\/\/altitude-zero.fr\/wp-content\/uploads\/2024\/02\/2023-01-04-0011-800x568.jpg 800w, https:\/\/altitude-zero.fr\/wp-content\/uploads\/2024\/02\/2023-01-04-0011-1280x908.jpg 1280w, https:\/\/altitude-zero.fr\/wp-content\/uploads\/2024\/02\/2023-01-04-0011.jpg 1920w\" sizes=\"auto, (max-width: 1024px) 100vw, 1024px\" \/><\/figure>\n\n\n\n<p><strong>L&#8217;Esth\u00e9tique de la M\u00e9moire<\/strong><\/p>\n\n\n\n<p>Un pont entre le pass\u00e9 et le pr\u00e9sent, une c\u00e9l\u00e9bration de la persistance de la m\u00e9moire \u00e0 travers la mati\u00e8re. Il invite \u00e0 un voyage sensoriel et \u00e9motionnel, o\u00f9 chaque cr\u00e9ation est une histoire palpable, un fragment d&#8217;un temps r\u00e9volu, mais visc\u00e9ralement pr\u00e9sent. Nous fa\u00e7onnons des \u0153uvres qui interpellent, qui dialoguent avec le spectateur.<\/p>\n","protected":false},"excerpt":{"rendered":"<p>Dans ces anciens bastions industriels, chaque incursion repr\u00e9sente une nouvelle aventure, un chapitre in\u00e9dit de l&#8217;exploration urbaine. Chaque pas r\u00e9sonne<\/p>\n<p><a href=\"https:\/\/altitude-zero.fr\/\" class=\"more-link\">Continue reading<span class=\"screen-reader-text\">Au commencement,<\/span><\/a><\/p>\n","protected":false},"author":1,"featured_media":0,"parent":0,"menu_order":0,"comment_status":"closed","ping_status":"closed","template":"","meta":{"_vp_format_video_url":"","_vp_image_focal_point":[],"footnotes":""},"class_list":["post-350","page","type-page","status-publish","hentry"],"_links":{"self":[{"href":"https:\/\/altitude-zero.fr\/index.php?rest_route=\/wp\/v2\/pages\/350","targetHints":{"allow":["GET"]}}],"collection":[{"href":"https:\/\/altitude-zero.fr\/index.php?rest_route=\/wp\/v2\/pages"}],"about":[{"href":"https:\/\/altitude-zero.fr\/index.php?rest_route=\/wp\/v2\/types\/page"}],"author":[{"embeddable":true,"href":"https:\/\/altitude-zero.fr\/index.php?rest_route=\/wp\/v2\/users\/1"}],"replies":[{"embeddable":true,"href":"https:\/\/altitude-zero.fr\/index.php?rest_route=%2Fwp%2Fv2%2Fcomments&post=350"}],"version-history":[{"count":10,"href":"https:\/\/altitude-zero.fr\/index.php?rest_route=\/wp\/v2\/pages\/350\/revisions"}],"predecessor-version":[{"id":491,"href":"https:\/\/altitude-zero.fr\/index.php?rest_route=\/wp\/v2\/pages\/350\/revisions\/491"}],"wp:attachment":[{"href":"https:\/\/altitude-zero.fr\/index.php?rest_route=%2Fwp%2Fv2%2Fmedia&parent=350"}],"curies":[{"name":"wp","href":"https:\/\/api.w.org\/{rel}","templated":true}]}}