{"id":43,"date":"2023-10-06T12:44:49","date_gmt":"2023-10-06T12:44:49","guid":{"rendered":"http:\/\/127.0.0.1:8000\/?page_id=43"},"modified":"2024-06-08T08:36:05","modified_gmt":"2024-06-08T06:36:05","slug":"test-new-page","status":"publish","type":"page","link":"https:\/\/altitude-zero.fr\/?page_id=43","title":{"rendered":"Le Chateau"},"content":{"rendered":"\n<p>Salle des f\u00eates &#8211;  <strong>Coudekerque-Branche<\/strong><\/p>\n\n\n\n<figure class=\"wp-block-image size-large\"><img loading=\"lazy\" decoding=\"async\" width=\"1022\" height=\"1024\" src=\"https:\/\/altitude-zero.fr\/wp-content\/uploads\/2023\/10\/20231010_0024-1022x1024.jpg\" alt=\"\" class=\"wp-image-47\" srcset=\"https:\/\/altitude-zero.fr\/wp-content\/uploads\/2023\/10\/20231010_0024-1022x1024.jpg 1022w, https:\/\/altitude-zero.fr\/wp-content\/uploads\/2023\/10\/20231010_0024-300x300.jpg 300w, https:\/\/altitude-zero.fr\/wp-content\/uploads\/2023\/10\/20231010_0024-150x150.jpg 150w, https:\/\/altitude-zero.fr\/wp-content\/uploads\/2023\/10\/20231010_0024-768x770.jpg 768w, https:\/\/altitude-zero.fr\/wp-content\/uploads\/2023\/10\/20231010_0024-1533x1536.jpg 1533w, https:\/\/altitude-zero.fr\/wp-content\/uploads\/2023\/10\/20231010_0024-666x666.jpg 666w\" sizes=\"auto, (max-width: 1022px) 100vw, 1022px\" \/><\/figure>\n\n\n\n<p><\/p>\n\n\n<div class=\"wp-block-visual-portfolio\">\n<div class=\"vp-portfolio vp-uid-83209922 vp-id-yORhM\"\n\tdata-vp-layout=\"tiles\" data-vp-content-source=\"images\" data-vp-items-style=\"emerge\" data-vp-items-click-action=\"popup_gallery\" data-vp-items-gap=\"85\" data-vp-items-gap-vertical=\"0\" data-vp-pagination=\"load-more\" data-vp-next-page-url=\"\" data-vp-tiles-type=\"3|1,1|\" >\n\t<div class=\"vp-portfolio__preloader-wrap\">\n\t\t<div class=\"vp-portfolio__preloader\">\n\t\t\t<img decoding=\"async\" loading=\"eager\" src=\"https:\/\/altitude-zero.fr\/wp-content\/plugins\/visual-portfolio\/assets\/images\/logo-dark.svg\" alt=\"Visual Portfolio, Posts &amp; Image Gallery for WordPress\" width=\"20\" height=\"20\" data-skip-lazy>\n\t\t<\/div>\n\t<\/div>\n\t\t<div class=\"vp-portfolio__items-wrap\">\n\t\t\t\n<div class=\"vp-portfolio__items vp-portfolio__items-style-emerge vp-portfolio__items-show-overlay-hover vp-portfolio__items-show-caption-hover\">\n\n\t\t<div\t\tclass=\"vp-portfolio__item-wrap vp-portfolio__item-uid-bf990770\" data-vp-filter=\"\" \t\t>\n\t\t\t<template class=\"vp-portfolio__item-popup\" style=\"display: none\" data-vp-popup-img=\"https:\/\/altitude-zero.fr\/wp-content\/uploads\/2024\/03\/2023-03-19-0014.jpg\" data-vp-popup-img-srcset=\"https:\/\/altitude-zero.fr\/wp-content\/uploads\/2024\/03\/2023-03-19-0014.jpg 1920w, https:\/\/altitude-zero.fr\/wp-content\/uploads\/2024\/03\/2023-03-19-0014-300x296.jpg 300w, https:\/\/altitude-zero.fr\/wp-content\/uploads\/2024\/03\/2023-03-19-0014-1024x1010.jpg 1024w, https:\/\/altitude-zero.fr\/wp-content\/uploads\/2024\/03\/2023-03-19-0014-768x758.jpg 768w, https:\/\/altitude-zero.fr\/wp-content\/uploads\/2024\/03\/2023-03-19-0014-1536x1515.jpg 1536w, https:\/\/altitude-zero.fr\/wp-content\/uploads\/2024\/03\/2023-03-19-0014-500x493.jpg 500w, https:\/\/altitude-zero.fr\/wp-content\/uploads\/2024\/03\/2023-03-19-0014-800x789.jpg 800w, https:\/\/altitude-zero.fr\/wp-content\/uploads\/2024\/03\/2023-03-19-0014-1280x1263.jpg 1280w\" data-vp-popup-img-size=\"1920x1894\" data-vp-popup-md-img=\"https:\/\/altitude-zero.fr\/wp-content\/uploads\/2024\/03\/2023-03-19-0014-800x789.jpg\" data-vp-popup-md-img-size=\"800x789\" data-vp-popup-sm-img=\"https:\/\/altitude-zero.fr\/wp-content\/uploads\/2024\/03\/2023-03-19-0014-500x493.jpg\" data-vp-popup-sm-img-size=\"500x493\">\n\t<\/template>\n\t\t\t\t\t\t<figure class=\"vp-portfolio__item\">\n\t\t\t\t\n<div class=\"vp-portfolio__item-img-wrap\">\n\t<div class=\"vp-portfolio__item-img\">\n\t\t\t<a\n\t\thref=\"https:\/\/altitude-zero.fr\/wp-content\/uploads\/2024\/03\/2023-03-19-0014.jpg\"\n\t\t\t>\n\t\n\t\t<noscript><img loading=\"lazy\" decoding=\"async\" width=\"1920\" height=\"1894\" data-skip-lazy src=\"https:\/\/altitude-zero.fr\/wp-content\/uploads\/2024\/03\/2023-03-19-0014.jpg\" class=\"wp-image-432\" alt=\"\" srcset=\"https:\/\/altitude-zero.fr\/wp-content\/uploads\/2024\/03\/2023-03-19-0014.jpg 1920w, https:\/\/altitude-zero.fr\/wp-content\/uploads\/2024\/03\/2023-03-19-0014-300x296.jpg 300w, https:\/\/altitude-zero.fr\/wp-content\/uploads\/2024\/03\/2023-03-19-0014-1024x1010.jpg 1024w, https:\/\/altitude-zero.fr\/wp-content\/uploads\/2024\/03\/2023-03-19-0014-768x758.jpg 768w, https:\/\/altitude-zero.fr\/wp-content\/uploads\/2024\/03\/2023-03-19-0014-1536x1515.jpg 1536w, https:\/\/altitude-zero.fr\/wp-content\/uploads\/2024\/03\/2023-03-19-0014-500x493.jpg 500w, https:\/\/altitude-zero.fr\/wp-content\/uploads\/2024\/03\/2023-03-19-0014-800x789.jpg 800w, https:\/\/altitude-zero.fr\/wp-content\/uploads\/2024\/03\/2023-03-19-0014-1280x1263.jpg 1280w\" sizes=\"auto, (max-width: 1920px) 100vw, 1920px\" \/><\/noscript><img fetchpriority=\"high\" decoding=\"async\" width=\"1920\" height=\"1894\" src=\"https:\/\/altitude-zero.fr\/wp-content\/uploads\/2024\/03\/2023-03-19-0014.jpg\" class=\"wp-image-432 vp-lazyload\" alt srcset=\"data:image\/svg+xml;base64,PHN2ZyB3aWR0aD0iMTkyMCIgaGVpZ2h0PSIxODk0IiB2aWV3Qm94PSIwIDAgMTkyMCAxODk0IiBmaWxsPSJub25lIiB4bWxucz0iaHR0cDovL3d3dy53My5vcmcvMjAwMC9zdmciPjwvc3ZnPg==\" data-src=\"https:\/\/altitude-zero.fr\/wp-content\/uploads\/2024\/03\/2023-03-19-0014.jpg\" data-srcset=\"https:\/\/altitude-zero.fr\/wp-content\/uploads\/2024\/03\/2023-03-19-0014.jpg 1920w, https:\/\/altitude-zero.fr\/wp-content\/uploads\/2024\/03\/2023-03-19-0014-300x296.jpg 300w, https:\/\/altitude-zero.fr\/wp-content\/uploads\/2024\/03\/2023-03-19-0014-1024x1010.jpg 1024w, https:\/\/altitude-zero.fr\/wp-content\/uploads\/2024\/03\/2023-03-19-0014-768x758.jpg 768w, https:\/\/altitude-zero.fr\/wp-content\/uploads\/2024\/03\/2023-03-19-0014-1536x1515.jpg 1536w, https:\/\/altitude-zero.fr\/wp-content\/uploads\/2024\/03\/2023-03-19-0014-500x493.jpg 500w, https:\/\/altitude-zero.fr\/wp-content\/uploads\/2024\/03\/2023-03-19-0014-800x789.jpg 800w, https:\/\/altitude-zero.fr\/wp-content\/uploads\/2024\/03\/2023-03-19-0014-1280x1263.jpg 1280w\" data-sizes=\"auto\" loading=\"eager\">\n\t\t<div class=\"vp-portfolio__item-overlay\"><\/div>\n\n\t\t<\/a>\t<\/div>\n<\/div>\n\n\t\t\t<\/figure>\n\t\t\t\t\t<\/div>\n\t\t\n\t\t<div\t\tclass=\"vp-portfolio__item-wrap vp-portfolio__item-uid-70225083\" data-vp-filter=\"\" \t\t>\n\t\t\t<template class=\"vp-portfolio__item-popup\" style=\"display: none\" data-vp-popup-img=\"https:\/\/altitude-zero.fr\/wp-content\/uploads\/2024\/03\/2023-03-18-0005.jpg\" data-vp-popup-img-srcset=\"https:\/\/altitude-zero.fr\/wp-content\/uploads\/2024\/03\/2023-03-18-0005.jpg 1920w, https:\/\/altitude-zero.fr\/wp-content\/uploads\/2024\/03\/2023-03-18-0005-265x300.jpg 265w, https:\/\/altitude-zero.fr\/wp-content\/uploads\/2024\/03\/2023-03-18-0005-906x1024.jpg 906w, https:\/\/altitude-zero.fr\/wp-content\/uploads\/2024\/03\/2023-03-18-0005-768x868.jpg 768w, https:\/\/altitude-zero.fr\/wp-content\/uploads\/2024\/03\/2023-03-18-0005-1359x1536.jpg 1359w, https:\/\/altitude-zero.fr\/wp-content\/uploads\/2024\/03\/2023-03-18-0005-1812x2048.jpg 1812w, https:\/\/altitude-zero.fr\/wp-content\/uploads\/2024\/03\/2023-03-18-0005-500x565.jpg 500w, https:\/\/altitude-zero.fr\/wp-content\/uploads\/2024\/03\/2023-03-18-0005-800x904.jpg 800w, https:\/\/altitude-zero.fr\/wp-content\/uploads\/2024\/03\/2023-03-18-0005-1280x1447.jpg 1280w\" data-vp-popup-img-size=\"1920x2170\" data-vp-popup-md-img=\"https:\/\/altitude-zero.fr\/wp-content\/uploads\/2024\/03\/2023-03-18-0005-800x904.jpg\" data-vp-popup-md-img-size=\"800x904\" data-vp-popup-sm-img=\"https:\/\/altitude-zero.fr\/wp-content\/uploads\/2024\/03\/2023-03-18-0005-500x565.jpg\" data-vp-popup-sm-img-size=\"500x565\">\n\t<\/template>\n\t\t\t\t\t\t<figure class=\"vp-portfolio__item\">\n\t\t\t\t\n<div class=\"vp-portfolio__item-img-wrap\">\n\t<div class=\"vp-portfolio__item-img\">\n\t\t\t<a\n\t\thref=\"https:\/\/altitude-zero.fr\/wp-content\/uploads\/2024\/03\/2023-03-18-0005.jpg\"\n\t\t\t>\n\t\n\t\t<noscript><img loading=\"lazy\" decoding=\"async\" width=\"1920\" height=\"2170\" data-skip-lazy src=\"https:\/\/altitude-zero.fr\/wp-content\/uploads\/2024\/03\/2023-03-18-0005.jpg\" class=\"wp-image-433\" alt=\"\" srcset=\"https:\/\/altitude-zero.fr\/wp-content\/uploads\/2024\/03\/2023-03-18-0005.jpg 1920w, https:\/\/altitude-zero.fr\/wp-content\/uploads\/2024\/03\/2023-03-18-0005-265x300.jpg 265w, https:\/\/altitude-zero.fr\/wp-content\/uploads\/2024\/03\/2023-03-18-0005-906x1024.jpg 906w, https:\/\/altitude-zero.fr\/wp-content\/uploads\/2024\/03\/2023-03-18-0005-768x868.jpg 768w, https:\/\/altitude-zero.fr\/wp-content\/uploads\/2024\/03\/2023-03-18-0005-1359x1536.jpg 1359w, https:\/\/altitude-zero.fr\/wp-content\/uploads\/2024\/03\/2023-03-18-0005-1812x2048.jpg 1812w, https:\/\/altitude-zero.fr\/wp-content\/uploads\/2024\/03\/2023-03-18-0005-500x565.jpg 500w, https:\/\/altitude-zero.fr\/wp-content\/uploads\/2024\/03\/2023-03-18-0005-800x904.jpg 800w, https:\/\/altitude-zero.fr\/wp-content\/uploads\/2024\/03\/2023-03-18-0005-1280x1447.jpg 1280w\" sizes=\"auto, (max-width: 1920px) 100vw, 1920px\" \/><\/noscript><img decoding=\"async\" width=\"1920\" height=\"2170\" src=\"https:\/\/altitude-zero.fr\/wp-content\/uploads\/2024\/03\/2023-03-18-0005.jpg\" class=\"wp-image-433 vp-lazyload\" alt srcset=\"data:image\/svg+xml;base64,PHN2ZyB3aWR0aD0iMTkyMCIgaGVpZ2h0PSIyMTcwIiB2aWV3Qm94PSIwIDAgMTkyMCAyMTcwIiBmaWxsPSJub25lIiB4bWxucz0iaHR0cDovL3d3dy53My5vcmcvMjAwMC9zdmciPjwvc3ZnPg==\" data-src=\"https:\/\/altitude-zero.fr\/wp-content\/uploads\/2024\/03\/2023-03-18-0005.jpg\" data-srcset=\"https:\/\/altitude-zero.fr\/wp-content\/uploads\/2024\/03\/2023-03-18-0005.jpg 1920w, https:\/\/altitude-zero.fr\/wp-content\/uploads\/2024\/03\/2023-03-18-0005-265x300.jpg 265w, https:\/\/altitude-zero.fr\/wp-content\/uploads\/2024\/03\/2023-03-18-0005-906x1024.jpg 906w, https:\/\/altitude-zero.fr\/wp-content\/uploads\/2024\/03\/2023-03-18-0005-768x868.jpg 768w, https:\/\/altitude-zero.fr\/wp-content\/uploads\/2024\/03\/2023-03-18-0005-1359x1536.jpg 1359w, https:\/\/altitude-zero.fr\/wp-content\/uploads\/2024\/03\/2023-03-18-0005-1812x2048.jpg 1812w, https:\/\/altitude-zero.fr\/wp-content\/uploads\/2024\/03\/2023-03-18-0005-500x565.jpg 500w, https:\/\/altitude-zero.fr\/wp-content\/uploads\/2024\/03\/2023-03-18-0005-800x904.jpg 800w, https:\/\/altitude-zero.fr\/wp-content\/uploads\/2024\/03\/2023-03-18-0005-1280x1447.jpg 1280w\" data-sizes=\"auto\" loading=\"eager\">\n\t\t<div class=\"vp-portfolio__item-overlay\"><\/div>\n\n\t\t<\/a>\t<\/div>\n<\/div>\n\n\t\t\t<\/figure>\n\t\t\t\t\t<\/div>\n\t\t\n\t\t<div\t\tclass=\"vp-portfolio__item-wrap vp-portfolio__item-uid-fcf36ace\" data-vp-filter=\"\" style=\"--vp-images__object-position: 43% 38%;\" \t\t>\n\t\t\t<template class=\"vp-portfolio__item-popup\" style=\"display: none\" data-vp-popup-img=\"https:\/\/altitude-zero.fr\/wp-content\/uploads\/2024\/03\/2023-03-18-0003.jpg\" data-vp-popup-img-srcset=\"https:\/\/altitude-zero.fr\/wp-content\/uploads\/2024\/03\/2023-03-18-0003.jpg 1919w, https:\/\/altitude-zero.fr\/wp-content\/uploads\/2024\/03\/2023-03-18-0003-300x300.jpg 300w, https:\/\/altitude-zero.fr\/wp-content\/uploads\/2024\/03\/2023-03-18-0003-1021x1024.jpg 1021w, https:\/\/altitude-zero.fr\/wp-content\/uploads\/2024\/03\/2023-03-18-0003-150x150.jpg 150w, https:\/\/altitude-zero.fr\/wp-content\/uploads\/2024\/03\/2023-03-18-0003-768x770.jpg 768w, https:\/\/altitude-zero.fr\/wp-content\/uploads\/2024\/03\/2023-03-18-0003-1532x1536.jpg 1532w, https:\/\/altitude-zero.fr\/wp-content\/uploads\/2024\/03\/2023-03-18-0003-500x501.jpg 500w, https:\/\/altitude-zero.fr\/wp-content\/uploads\/2024\/03\/2023-03-18-0003-800x802.jpg 800w, https:\/\/altitude-zero.fr\/wp-content\/uploads\/2024\/03\/2023-03-18-0003-1280x1283.jpg 1280w\" data-vp-popup-img-size=\"1919x1924\" data-vp-popup-md-img=\"https:\/\/altitude-zero.fr\/wp-content\/uploads\/2024\/03\/2023-03-18-0003-800x802.jpg\" data-vp-popup-md-img-size=\"800x802\" data-vp-popup-sm-img=\"https:\/\/altitude-zero.fr\/wp-content\/uploads\/2024\/03\/2023-03-18-0003-500x501.jpg\" data-vp-popup-sm-img-size=\"500x501\">\n\t<\/template>\n\t\t\t\t\t\t<figure class=\"vp-portfolio__item\">\n\t\t\t\t\n<div class=\"vp-portfolio__item-img-wrap\">\n\t<div class=\"vp-portfolio__item-img\">\n\t\t\t<a\n\t\thref=\"https:\/\/altitude-zero.fr\/wp-content\/uploads\/2024\/03\/2023-03-18-0003.jpg\"\n\t\t\t>\n\t\n\t\t<noscript><img loading=\"lazy\" decoding=\"async\" width=\"1919\" height=\"1924\" data-skip-lazy src=\"https:\/\/altitude-zero.fr\/wp-content\/uploads\/2024\/03\/2023-03-18-0003.jpg\" class=\"wp-image-434\" alt=\"\" srcset=\"https:\/\/altitude-zero.fr\/wp-content\/uploads\/2024\/03\/2023-03-18-0003.jpg 1919w, https:\/\/altitude-zero.fr\/wp-content\/uploads\/2024\/03\/2023-03-18-0003-300x300.jpg 300w, https:\/\/altitude-zero.fr\/wp-content\/uploads\/2024\/03\/2023-03-18-0003-1021x1024.jpg 1021w, https:\/\/altitude-zero.fr\/wp-content\/uploads\/2024\/03\/2023-03-18-0003-150x150.jpg 150w, https:\/\/altitude-zero.fr\/wp-content\/uploads\/2024\/03\/2023-03-18-0003-768x770.jpg 768w, https:\/\/altitude-zero.fr\/wp-content\/uploads\/2024\/03\/2023-03-18-0003-1532x1536.jpg 1532w, https:\/\/altitude-zero.fr\/wp-content\/uploads\/2024\/03\/2023-03-18-0003-500x501.jpg 500w, https:\/\/altitude-zero.fr\/wp-content\/uploads\/2024\/03\/2023-03-18-0003-800x802.jpg 800w, https:\/\/altitude-zero.fr\/wp-content\/uploads\/2024\/03\/2023-03-18-0003-1280x1283.jpg 1280w\" sizes=\"auto, (max-width: 1919px) 100vw, 1919px\" \/><\/noscript><img decoding=\"async\" width=\"1919\" height=\"1924\" src=\"https:\/\/altitude-zero.fr\/wp-content\/uploads\/2024\/03\/2023-03-18-0003.jpg\" class=\"wp-image-434 vp-lazyload\" alt srcset=\"data:image\/svg+xml;base64,PHN2ZyB3aWR0aD0iMTkxOSIgaGVpZ2h0PSIxOTI0IiB2aWV3Qm94PSIwIDAgMTkxOSAxOTI0IiBmaWxsPSJub25lIiB4bWxucz0iaHR0cDovL3d3dy53My5vcmcvMjAwMC9zdmciPjwvc3ZnPg==\" data-src=\"https:\/\/altitude-zero.fr\/wp-content\/uploads\/2024\/03\/2023-03-18-0003.jpg\" data-srcset=\"https:\/\/altitude-zero.fr\/wp-content\/uploads\/2024\/03\/2023-03-18-0003.jpg 1919w, https:\/\/altitude-zero.fr\/wp-content\/uploads\/2024\/03\/2023-03-18-0003-300x300.jpg 300w, https:\/\/altitude-zero.fr\/wp-content\/uploads\/2024\/03\/2023-03-18-0003-1021x1024.jpg 1021w, https:\/\/altitude-zero.fr\/wp-content\/uploads\/2024\/03\/2023-03-18-0003-150x150.jpg 150w, https:\/\/altitude-zero.fr\/wp-content\/uploads\/2024\/03\/2023-03-18-0003-768x770.jpg 768w, https:\/\/altitude-zero.fr\/wp-content\/uploads\/2024\/03\/2023-03-18-0003-1532x1536.jpg 1532w, https:\/\/altitude-zero.fr\/wp-content\/uploads\/2024\/03\/2023-03-18-0003-500x501.jpg 500w, https:\/\/altitude-zero.fr\/wp-content\/uploads\/2024\/03\/2023-03-18-0003-800x802.jpg 800w, https:\/\/altitude-zero.fr\/wp-content\/uploads\/2024\/03\/2023-03-18-0003-1280x1283.jpg 1280w\" data-sizes=\"auto\" loading=\"eager\">\n\t\t<div class=\"vp-portfolio__item-overlay\"><\/div>\n\n\t\t<\/a>\t<\/div>\n<\/div>\n\n\t\t\t<\/figure>\n\t\t\t\t\t<\/div>\n\t\t\n<\/div>\n\t\t<\/div>\n\t\t\n<\/div>\n<\/div>\n\n\n<p><\/p>\n\n\n\n<p>\u00c0 travers la m\u00e9taphore d&#8217;une structure de ch\u00e2teau de cartes, ces portes normalement per\u00e7ues comme solides, une fois reconfigur\u00e9es en une forme pr\u00e9caire, soulignent la vuln\u00e9rabilit\u00e9. Elle incarne la fragilit\u00e9 et la pr\u00e9carit\u00e9 de la possession mat\u00e9rielle, mettant en \u00e9vidence combien ces biens, souvent per\u00e7us comme durables, peuvent en r\u00e9alit\u00e9 perdre toute valeur.<\/p>\n\n\n\n<p>\u00c9voquant l&#8217;effondrement imminent de la structure, l&#8217;\u0153uvre invite \u00e0 une r\u00e9flexion sur la transience de la propri\u00e9t\u00e9 et le danger de l&#8217;attachement excessif aux biens mat\u00e9riels.<\/p>\n\n\n\n<p>Destin\u00e9e par nature \u00e0 dispara\u00eetre, cette sculpture nous encourage \u00e0 remettre en question la valeur intrins\u00e8que et permanente que nous attribuons aux objets mat\u00e9riels, et \u00e0 trouver un \u00e9quilibre dans notre relation avec eux. Elle nous pousse \u00e0 appr\u00e9cier l&#8217;instant pr\u00e9sent et \u00e0 valoriser les exp\u00e9riences et les relations humaines au-del\u00e0 de la simple accumulation de possessions.<\/p>\n","protected":false},"excerpt":{"rendered":"<p>Salle des f\u00eates &#8211; Coudekerque-Branche \u00c0 travers la m\u00e9taphore d&#8217;une structure de ch\u00e2teau de cartes, ces portes normalement per\u00e7ues comme<\/p>\n<p><a href=\"https:\/\/altitude-zero.fr\/?page_id=43\" class=\"more-link\">Continue reading<span class=\"screen-reader-text\">Le Chateau<\/span><\/a><\/p>\n","protected":false},"author":1,"featured_media":17,"parent":0,"menu_order":0,"comment_status":"closed","ping_status":"closed","template":"","meta":{"_vp_format_video_url":"","_vp_image_focal_point":{"x":0.49,"y":0.5},"footnotes":""},"class_list":["post-43","page","type-page","status-publish","has-post-thumbnail","hentry"],"_links":{"self":[{"href":"https:\/\/altitude-zero.fr\/index.php?rest_route=\/wp\/v2\/pages\/43","targetHints":{"allow":["GET"]}}],"collection":[{"href":"https:\/\/altitude-zero.fr\/index.php?rest_route=\/wp\/v2\/pages"}],"about":[{"href":"https:\/\/altitude-zero.fr\/index.php?rest_route=\/wp\/v2\/types\/page"}],"author":[{"embeddable":true,"href":"https:\/\/altitude-zero.fr\/index.php?rest_route=\/wp\/v2\/users\/1"}],"replies":[{"embeddable":true,"href":"https:\/\/altitude-zero.fr\/index.php?rest_route=%2Fwp%2Fv2%2Fcomments&post=43"}],"version-history":[{"count":24,"href":"https:\/\/altitude-zero.fr\/index.php?rest_route=\/wp\/v2\/pages\/43\/revisions"}],"predecessor-version":[{"id":494,"href":"https:\/\/altitude-zero.fr\/index.php?rest_route=\/wp\/v2\/pages\/43\/revisions\/494"}],"wp:featuredmedia":[{"embeddable":true,"href":"https:\/\/altitude-zero.fr\/index.php?rest_route=\/wp\/v2\/media\/17"}],"wp:attachment":[{"href":"https:\/\/altitude-zero.fr\/index.php?rest_route=%2Fwp%2Fv2%2Fmedia&parent=43"}],"curies":[{"name":"wp","href":"https:\/\/api.w.org\/{rel}","templated":true}]}}