{"id":450,"date":"2024-03-23T14:52:01","date_gmt":"2024-03-23T12:52:01","guid":{"rendered":"https:\/\/altitude-zero.fr\/?page_id=450"},"modified":"2024-03-25T15:14:20","modified_gmt":"2024-03-25T13:14:20","slug":"politique-de-confidentialite","status":"publish","type":"page","link":"https:\/\/altitude-zero.fr\/?page_id=450","title":{"rendered":"Mentions l\u00e9gales et Politique de confidentialit\u00e9"},"content":{"rendered":"\n<h1 class=\"wp-block-heading\" id=\"block-8ae19945-5e53-4a38-9ee6-efaffaf91210\">I &#8211; Mentions l\u00e9gales<\/h1>\n\n\n\n<p id=\"block-d95fd8b7-dd79-4f44-a757-418e59777805\"><\/p>\n\n\n\n<h2 class=\"wp-block-heading\">1 &#8211; \u00c9dition du site<\/h2>\n\n\n\n<p>En vertu de <a href=\"https:\/\/www.legifrance.gouv.fr\/affichTexte.do?cidTexte=JORFTEXT000000801164#LEGIARTI000042038977\" target=\"_blank\" rel=\"noreferrer noopener\">l&#8217;article 6 de la loi n\u00b0 2004-575 du 21 juin 2004<\/a> pour la confiance dans l&#8217;\u00e9conomie num\u00e9rique, il est pr\u00e9cis\u00e9 aux utilisateurs du site internet <strong>https:\/\/altitude-zero.fr<\/strong> l&#8217;identit\u00e9 des diff\u00e9rents intervenants dans le cadre de sa r\u00e9alisation et de son suivi:<\/p>\n\n\n\n<p><strong>Propri\u00e9taire du site : <\/strong>Nicq Beno\u00eet, Laurent Dupont, Yann Bellet <br>&#8211; Contact : contact@altitude-zero.fr  <br>&#8211; Adresse : 8 rue Famelart &#8211; 59200 Tourcoing &#8211; France.<\/p>\n\n\n\n<p><strong>Directeurs de la publication :<\/strong><br>&#8211; Benoit Nicq<br>&#8211; Laurent Dupont<br>&#8211; Yann Bellet<\/p>\n\n\n\n<h2 class=\"wp-block-heading\">2 &#8211; <strong>H\u00e9bergement<\/strong>.<\/h2>\n\n\n\n<p><strong>H\u00e9bergeur :<\/strong> OVH SAS &#8211; 2 rue Kellermann &#8211; BP 80157 &#8211; 59053 Roubaix Cedex 1 &#8211; T\u00e9l\u00e9phone : 1007<\/p>\n\n\n\n<p><\/p>\n\n\n\n<h2 class=\"wp-block-heading\">3 &#8211; Propri\u00e9t\u00e9 intellectuelle.<\/h2>\n\n\n\n<p><strong>Altitude Z\u00e9ro<\/strong> repr\u00e9sent\u00e9 par Beno\u00eet Nicq, Laurent Dupont et Yann Bellet , est propri\u00e9taire des droits de propri\u00e9t\u00e9 intellectuelle et d\u00e9tient les droits d\u2019usage sur tous les \u00e9l\u00e9ments accessibles sur le site internet<\/p>\n\n\n\n<p>C<strong>oncernant les contenus du site<\/strong><\/p>\n\n\n\n<p class=\"has-white-color has-text-color has-link-color wp-elements-7281810ad565d86dc6a0cbc545f22318\">a<strong>. Photographies<\/strong><\/p>\n\n\n\n<p>Toutes les photographies pr\u00e9sentes sur ce site sont des \u0153uvres prot\u00e9g\u00e9es appartenant au groupe Altitude Z\u00e9ro. Ces \u0153uvres sont mises \u00e0 disposition sous une licence &#8220;Creative Commons Attribution-NonCommercial-NoDerivatives 4.0 International (CC BY-NC-ND 4.0)&#8221;. Conform\u00e9ment \u00e0 cette licence, vous \u00eates autoris\u00e9 \u00e0 t\u00e9l\u00e9charger, partager et utiliser ces photographies \u00e0 condition de :<\/p>\n\n\n\n<ul class=\"wp-block-list\">\n<li><strong>Attribuer l\u2019\u0153uvre au groupe Altitude Z\u00e9ro<\/strong> : Vous devez cr\u00e9diter les \u0153uvres en mentionnant le nom du groupe Altitude Z\u00e9ro, inclure un lien vers la licence et indiquer si des modifications ont \u00e9t\u00e9 effectu\u00e9es. Cette mention doit \u00eatre faite de mani\u00e8re claire et raisonnable sans sugg\u00e9rer que le groupe Altitude Z\u00e9ro vous soutient ou approuve l&#8217;utilisation que vous faites de ses \u0153uvres.<\/li>\n\n\n\n<li><strong>Utiliser l\u2019\u0153uvre \u00e0 des fins non commerciales<\/strong> : Les \u0153uvres ne peuvent pas \u00eatre utilis\u00e9es \u00e0 des fins commerciales.<\/li>\n\n\n\n<li><strong>Ne pas modifier les \u0153uvres<\/strong> : Si vous remixez, transformez, ou cr\u00e9ez \u00e0 partir du mat\u00e9riel, vous n&#8217;avez pas le droit de distribuer le mat\u00e9riel modifi\u00e9.<\/li>\n<\/ul>\n\n\n\n<p class=\"has-white-color has-text-color has-link-color wp-elements-90d9bebbfa4ad5ff96e706dd90959537\"><strong>b. Textes<\/strong><\/p>\n\n\n\n<p>Les textes publi\u00e9s sur ce site sont \u00e9galement prot\u00e9g\u00e9s et appartiennent au groupe Altitude Z\u00e9ro. Ils sont mis \u00e0 disposition sous une licence \u00e9quivalente \u00e0 celle des photographies, soit &#8220;Creative Commons Attribution-NonCommercial-NoDerivatives 4.0 International (CC BY-NC-ND 4.0)&#8221;. Cette licence vous permet de partager les textes \u00e0 des conditions similaires \u00e0 celles d\u00e9crites ci-dessus pour les photographies.<\/p>\n\n\n\n<p class=\"has-white-color has-text-color has-link-color wp-elements-0ae727ea76b9d5ca5df4ed394a213a2b\"><strong>Utilisation au-del\u00e0 des conditions de la licence<\/strong><\/p>\n\n\n\n<p>Toute utilisation des \u0153uvres pr\u00e9sentes sur ce site (photographies ou textes) en dehors des conditions stipul\u00e9es dans la licence requiert l&#8217;obtention d&#8217;une permission \u00e9crite pr\u00e9alable du groupe Altitude Z\u00e9ro.<\/p>\n\n\n\n<p>Pour toute question relative \u00e0 l&#8217;utilisation des \u0153uvres ou pour obtenir une autorisation sp\u00e9ciale, veuillez nous contacter \u00e0 contact@altitude-zero.fr.<\/p>\n\n\n\n<p>En utilisant ce site, vous reconnaissez avoir pris connaissance de ces mentions l\u00e9gales et vous engagez \u00e0 les respecter.<\/p>\n\n\n\n<hr class=\"wp-block-separator has-alpha-channel-opacity\"\/>\n\n\n\n<h2 class=\"wp-block-heading\">4 &#8211; Limitations de responsabilit\u00e9.<\/h2>\n\n\n\n<p><strong>Altitude Z\u00e9ro<\/strong> ne pourra \u00eatre tenu pour responsable des dommages directs et indirects caus\u00e9s au mat\u00e9riel de l\u2019utilisateur, lors de l\u2019acc\u00e8s au site <strong>https:\/\/altitude-zero.fr<\/strong>.<\/p>\n\n\n\n<p><strong>Altitude Z\u00e9ro<\/strong> d\u00e9cline toute responsabilit\u00e9 quant \u00e0 l\u2019utilisation qui pourrait \u00eatre faite des informations et contenus pr\u00e9sents sur <strong>https:\/\/altitude-zero.fr\/<\/strong>.<\/p>\n\n\n\n<p><strong>Altitude Z\u00e9ro<\/strong> s\u2019engage \u00e0 s\u00e9curiser au mieux le site <strong>https:\/\/altitude-zero.fr\/<\/strong>, cependant sa responsabilit\u00e9 ne pourra \u00eatre mise en cause si des donn\u00e9es ind\u00e9sirables sont import\u00e9es et install\u00e9es sur son site \u00e0 son insu.<\/p>\n\n\n\n<p>Des espaces interactifs (espace contact ou commentaires) sont \u00e0 la disposition des utilisateurs. Altitude Z\u00e9rose r\u00e9serve le droit de supprimer, sans mise en demeure pr\u00e9alable, tout contenu d\u00e9pos\u00e9 dans cet espace qui contreviendrait \u00e0 la l\u00e9gislation applicable en France, en particulier aux dispositions relatives \u00e0 la protection des donn\u00e9es.<\/p>\n\n\n\n<p>Le cas \u00e9ch\u00e9ant, <strong>Altitude Z\u00e9ro<\/strong> se r\u00e9serve \u00e9galement la possibilit\u00e9 de mettre en cause la responsabilit\u00e9 civile et\/ou p\u00e9nale de l\u2019utilisateur, notamment en cas de message \u00e0 caract\u00e8re raciste, injurieux, diffamant, ou pornographique, quel que soit le support utilis\u00e9 (texte, photographie \u2026).<\/p>\n\n\n\n<h2 class=\"wp-block-heading\">7 &#8211; Droit applicable et attribution de juridiction.<\/h2>\n\n\n\n<p>Tout litige en relation avec l\u2019utilisation du site <strong>https:\/\/altitude-zero.fr\/<\/strong> est soumis au droit fran\u00e7ais. En dehors des cas o\u00f9 la loi ne le permet pas, il est fait attribution exclusive de juridiction aux tribunaux comp\u00e9tents de .<\/p>\n\n\n\n<h1 class=\"wp-block-heading\">II &#8211; Politique de confidentialit\u00e9<\/h1>\n\n\n\n<h2 class=\"wp-block-heading\">1 &#8211; Commentaires<\/h2>\n\n\n\n<p>Quand vous laissez un commentaire sur notre site, les donn\u00e9es inscrites dans le formulaire de commentaire, ainsi que votre adresse IP et l\u2019agent utilisateur de votre navigateur sont collect\u00e9s pour nous aider \u00e0 la d\u00e9tection des commentaires ind\u00e9sirables.<\/p>\n\n\n\n<p>Une cha\u00eene anonymis\u00e9e cr\u00e9\u00e9e \u00e0 partir de votre adresse e-mail (\u00e9galement appel\u00e9e hash) peut \u00eatre envoy\u00e9e au service Gravatar pour v\u00e9rifier si vous utilisez ce dernier. Les clauses de confidentialit\u00e9 du service Gravatar sont disponibles ici&nbsp;: https:\/\/automattic.com\/privacy\/. Apr\u00e8s validation de votre commentaire, votre photo de profil sera visible publiquement \u00e0 cot\u00e9 de votre commentaire.<\/p>\n\n\n\n<h2 class=\"wp-block-heading\">2 &#8211; M\u00e9dias<\/h2>\n\n\n\n<p>Si vous t\u00e9l\u00e9versez des images sur le site, nous vous conseillons d\u2019\u00e9viter de t\u00e9l\u00e9verser des images contenant des donn\u00e9es EXIF de coordonn\u00e9es GPS. Les personnes visitant votre site peuvent t\u00e9l\u00e9charger et extraire des donn\u00e9es de localisation depuis ces images.<\/p>\n\n\n\n<h2 class=\"wp-block-heading\">3 &#8211; Cookies<\/h2>\n\n\n\n<p>Si vous d\u00e9posez un commentaire sur notre site, il vous sera propos\u00e9 d\u2019enregistrer votre nom, adresse e-mail et site dans des cookies. C\u2019est uniquement pour votre confort afin de ne pas avoir \u00e0 saisir ces informations si vous d\u00e9posez un autre commentaire plus tard. Ces cookies expirent au bout d\u2019un an.<\/p>\n\n\n\n<p>Si vous vous rendez sur la page de connexion, un cookie temporaire sera cr\u00e9\u00e9 afin de d\u00e9terminer si votre navigateur accepte les cookies. Il ne contient pas de donn\u00e9es personnelles et sera supprim\u00e9 automatiquement \u00e0 la fermeture de votre navigateur.<\/p>\n\n\n\n<p>Lorsque vous vous connecterez, nous mettrons en place un certain nombre de cookies pour enregistrer vos informations de connexion et vos pr\u00e9f\u00e9rences d\u2019\u00e9cran. La dur\u00e9e de vie d\u2019un cookie de connexion est de deux jours, celle d\u2019un cookie d\u2019option d\u2019\u00e9cran est d\u2019un an. Si vous cochez \u00ab&nbsp;Se souvenir de moi&nbsp;\u00bb, votre cookie de connexion sera conserv\u00e9 pendant deux semaines. Si vous vous d\u00e9connectez de votre compte, le cookie de connexion sera effac\u00e9.<\/p>\n\n\n\n<p>En modifiant ou en publiant une publication, un cookie suppl\u00e9mentaire sera enregistr\u00e9 dans votre navigateur. Ce cookie ne comprend aucune donn\u00e9e personnelle. Il indique simplement l\u2019ID de la publication que vous venez de modifier. Il expire au bout d\u2019un jour.<\/p>\n\n\n\n<h2 class=\"wp-block-heading\">4 &#8211; Contenu embarqu\u00e9 depuis d\u2019autres sites<\/h2>\n\n\n\n<p>Les articles de ce site peuvent inclure des contenus int\u00e9gr\u00e9s (par exemple des vid\u00e9os, images, articles\u2026). Le contenu int\u00e9gr\u00e9 depuis d\u2019autres sites se comporte de la m\u00eame mani\u00e8re que si le visiteur se rendait sur cet autre site.<\/p>\n\n\n\n<p>Ces sites web pourraient collecter des donn\u00e9es sur vous, utiliser des cookies, embarquer des outils de suivis tiers, suivre vos interactions avec ces contenus embarqu\u00e9s si vous disposez d\u2019un compte connect\u00e9 sur leur site web.<\/p>\n\n\n\n<h2 class=\"wp-block-heading\">5 &#8211; Utilisation et transmission de vos donn\u00e9es personnelles<\/h2>\n\n\n\n<p>Si vous demandez une r\u00e9initialisation de votre mot de passe, votre adresse IP sera incluse dans l\u2019e-mail de r\u00e9initialisation.<\/p>\n\n\n\n<h2 class=\"wp-block-heading\">6 &#8211; Dur\u00e9es de stockage de vos donn\u00e9es<\/h2>\n\n\n\n<p>Si vous laissez un commentaire, le commentaire et ses m\u00e9tadonn\u00e9es sont conserv\u00e9s ind\u00e9finiment. Cela permet de reconna\u00eetre et approuver automatiquement les commentaires suivants au lieu de les laisser dans la file de mod\u00e9ration.<\/p>\n\n\n\n<p>Pour les comptes qui s\u2019inscrivent sur notre site (le cas \u00e9ch\u00e9ant), nous stockons \u00e9galement les donn\u00e9es personnelles indiqu\u00e9es dans leur profil. Tous les comptes peuvent voir, modifier ou supprimer leurs informations personnelles \u00e0 tout moment (\u00e0 l\u2019exception de leur identifiant). Les gestionnaires du site peuvent aussi voir et modifier ces informations.<\/p>\n\n\n\n<h2 class=\"wp-block-heading\">7 &#8211; Les droits que vous avez sur vos donn\u00e9es<\/h2>\n\n\n\n<p>Si vous avez un compte ou si vous avez laiss\u00e9 des commentaires sur le site, vous pouvez demander \u00e0 recevoir un fichier contenant toutes les donn\u00e9es personnelles que nous poss\u00e9dons \u00e0 votre sujet, incluant celles que vous nous avez fournies. Vous pouvez \u00e9galement demander la suppression des donn\u00e9es personnelles vous concernant. Cela ne prend pas en compte les donn\u00e9es stock\u00e9es \u00e0 des fins administratives, l\u00e9gales ou pour des raisons de s\u00e9curit\u00e9.<\/p>\n\n\n\n<h2 class=\"wp-block-heading\">8 &#8211; O\u00f9 vos donn\u00e9es sont envoy\u00e9es<\/h2>\n\n\n\n<p>Les commentaires des visiteurs peuvent \u00eatre v\u00e9rifi\u00e9s \u00e0 l\u2019aide d\u2019un service automatis\u00e9 de d\u00e9tection des commentaires ind\u00e9sirables.<\/p>\n","protected":false},"excerpt":{"rendered":"<p>I &#8211; Mentions l\u00e9gales 1 &#8211; \u00c9dition du site En vertu de l&#8217;article 6 de la loi n\u00b0 2004-575 du<\/p>\n<p><a href=\"https:\/\/altitude-zero.fr\/?page_id=450\" class=\"more-link\">Continue reading<span class=\"screen-reader-text\">Mentions l\u00e9gales et Politique de confidentialit\u00e9<\/span><\/a><\/p>\n","protected":false},"author":1,"featured_media":0,"parent":0,"menu_order":0,"comment_status":"closed","ping_status":"closed","template":"","meta":{"_vp_format_video_url":"","_vp_image_focal_point":[],"footnotes":""},"class_list":["post-450","page","type-page","status-publish","hentry"],"_links":{"self":[{"href":"https:\/\/altitude-zero.fr\/index.php?rest_route=\/wp\/v2\/pages\/450","targetHints":{"allow":["GET"]}}],"collection":[{"href":"https:\/\/altitude-zero.fr\/index.php?rest_route=\/wp\/v2\/pages"}],"about":[{"href":"https:\/\/altitude-zero.fr\/index.php?rest_route=\/wp\/v2\/types\/page"}],"author":[{"embeddable":true,"href":"https:\/\/altitude-zero.fr\/index.php?rest_route=\/wp\/v2\/users\/1"}],"replies":[{"embeddable":true,"href":"https:\/\/altitude-zero.fr\/index.php?rest_route=%2Fwp%2Fv2%2Fcomments&post=450"}],"version-history":[{"count":3,"href":"https:\/\/altitude-zero.fr\/index.php?rest_route=\/wp\/v2\/pages\/450\/revisions"}],"predecessor-version":[{"id":459,"href":"https:\/\/altitude-zero.fr\/index.php?rest_route=\/wp\/v2\/pages\/450\/revisions\/459"}],"wp:attachment":[{"href":"https:\/\/altitude-zero.fr\/index.php?rest_route=%2Fwp%2Fv2%2Fmedia&parent=450"}],"curies":[{"name":"wp","href":"https:\/\/api.w.org\/{rel}","templated":true}]}}